{"id":54,"date":"2018-08-27T11:02:46","date_gmt":"2018-08-27T11:02:46","guid":{"rendered":"http:\/\/www.avelinos.es\/?page_id=54"},"modified":"2023-04-13T06:04:44","modified_gmt":"2023-04-13T06:04:44","slug":"cookies","status":"publish","type":"page","link":"http:\/\/www.avelinos.es\/en\/cookies\/","title":{"rendered":"cookies"},"content":{"rendered":"<p>Qu\u00e9 es una cookie<\/p>\n<p>Las cookies son archivos que se descargan en el dispositivo o equipo inform\u00e1tico de un usuario al visitar un sitio web, estas se almacenan en el disco duro de manera temporal o permanente.<\/p>\n<p>Las cookies permiten principalmente entre otras funciones el almacenar y recuperar informaci\u00f3n sobre los h\u00e1bitos de navegaci\u00f3n de un usuario, ver qu\u00e9 secciones se visitan del sitio web, el tiempo de conexi\u00f3n, incluso pueden usarse para reconocer al usuario si este vuelve acceder al sitio web.<\/p>\n<p>Seg\u00fan la ley de la Uni\u00f3n Europea no es necesario el consentimiento por parte del usuario para la instalaci\u00f3n de cookies t\u00e9cnicas o las que sean estrictamente necesarias para el correcto funcionamiento y prestaci\u00f3n de un servicio solicitado por el propio usuario.<\/p>\n<p>Tipos de Cookies<\/p>\n<p>En Avelinos usamos cookies anal\u00edticas, que nos permiten realizar un seguimiento y el completo an\u00e1lisis del comportamiento de los usuarios de nuestro sitio web. Utilizamos el conocido servicio de Google Analitycs para llevar a cabo dichas tareas.<\/p>\n<p>Para m\u00e1s informaci\u00f3n sobre las cookies de Google Analitycs puede consultarse en los siguientes enlaces:<br \/>\n<a href=\"https:\/\/www.google.es\/intl\/es\/policies\/technologies\/cookies\/\">Uso de Cookies en Google Analitycs<\/a><\/p>\n<p>Desactivar las cookies<\/p>\n<p>En la mayor\u00eda de los navegadores web se ofrece la posibilidad de configurar la aceptaci\u00f3n, instalaci\u00f3n y desactivaci\u00f3n de cookies. Le mostramos a continuaci\u00f3n como se hace para realizar dichas acciones en los navegadores web m\u00e1s frecuentes.<\/p>\n<p><a href=\"https:\/\/support.google.com\/chrome\/answer\/95647?hl=es\">Google Chrome<\/a><br \/>\n<a href=\"https:\/\/windows.microsoft.com\/es-es\/windows7\/how-to-manage-cookies-in-internet-explorer-9\">Microsoft Internet Explorer<\/a><br \/>\n<a href=\"https:\/\/support.mozilla.org\/es\/kb\/habilitar-y-deshabilitar-cookies-que-los-sitios-we\">Mozilla Firefox<\/a><br \/>\n<a href=\"https:\/\/support.apple.com\/kb\/ph5042\">Apple Safari<\/a><\/p>\n<p>Al seguir navegando por nuestra web, acepta el uso que hacemos de las cookies.<\/p>","protected":false},"excerpt":{"rendered":"<p>Qu\u00e9 es una cookie Las cookies son archivos que se descargan en el dispositivo o equipo inform\u00e1tico de un usuario al visitar un sitio web, estas se almacenan en el disco duro de manera temporal o permanente. Las cookies permiten principalmente entre otras funciones el almacenar y recuperar informaci\u00f3n sobre los h\u00e1bitos de navegaci\u00f3n de &hellip; <\/p>\n<p class=\"link-more\"><a href=\"http:\/\/www.avelinos.es\/en\/cookies\/\" class=\"more-link\">Continue reading<span class=\"screen-reader-text\"> &#8220;cookies&#8221;<\/span><\/a><\/p>\n","protected":false},"author":1,"featured_media":0,"parent":0,"menu_order":0,"comment_status":"closed","ping_status":"closed","template":"page-text.php","meta":{"footnotes":""},"_links":{"self":[{"href":"http:\/\/www.avelinos.es\/en\/wp-json\/wp\/v2\/pages\/54"}],"collection":[{"href":"http:\/\/www.avelinos.es\/en\/wp-json\/wp\/v2\/pages"}],"about":[{"href":"http:\/\/www.avelinos.es\/en\/wp-json\/wp\/v2\/types\/page"}],"author":[{"embeddable":true,"href":"http:\/\/www.avelinos.es\/en\/wp-json\/wp\/v2\/users\/1"}],"replies":[{"embeddable":true,"href":"http:\/\/www.avelinos.es\/en\/wp-json\/wp\/v2\/comments?post=54"}],"version-history":[{"count":4,"href":"http:\/\/www.avelinos.es\/en\/wp-json\/wp\/v2\/pages\/54\/revisions"}],"predecessor-version":[{"id":68,"href":"http:\/\/www.avelinos.es\/en\/wp-json\/wp\/v2\/pages\/54\/revisions\/68"}],"wp:attachment":[{"href":"http:\/\/www.avelinos.es\/en\/wp-json\/wp\/v2\/media?parent=54"}],"curies":[{"name":"wp","href":"https:\/\/api.w.org\/{rel}","templated":true}]}}