{"id":31,"date":"2018-08-01T00:07:42","date_gmt":"2018-08-01T00:07:42","guid":{"rendered":"http:\/\/www.avelinos.es\/?page_id=31"},"modified":"2018-08-24T05:44:36","modified_gmt":"2018-08-24T05:44:36","slug":"contacto","status":"publish","type":"page","link":"http:\/\/www.avelinos.es\/en\/contacto\/","title":{"rendered":"Contacto"},"content":{"rendered":"<div class=\"imagen-cabecera\">\n\t<img decoding=\"async\" src=\"http:\/\/www.avelinos.es\/wp-content\/themes\/avelinos\/assets\/images\/contacto.png\"\/>\n<\/div>\n\n<div class=\"titulo-contacto\">\n\tPlease complete the following questionnaire<\/div>\n\n<div class=\"contact-form-container\">\n\t<div class=\"contact-form\">\n\t\t\t\t    \t\n\t\t\n\t\n\t\t\n<div class=\"wpcf7 no-js\" id=\"wpcf7-f76-o1\" lang=\"es-ES\" dir=\"ltr\">\n<div class=\"screen-reader-response\"><p role=\"status\" aria-live=\"polite\" aria-atomic=\"true\"><\/p> <ul><\/ul><\/div>\n<form action=\"\/en\/wp-json\/wp\/v2\/pages\/31#wpcf7-f76-o1\" method=\"post\" class=\"wpcf7-form init\" aria-label=\"Formulario de contacto\" novalidate=\"novalidate\" data-status=\"init\">\n<div style=\"display: none;\">\n<input type=\"hidden\" name=\"_wpcf7\" value=\"76\" \/>\n<input type=\"hidden\" name=\"_wpcf7_version\" value=\"5.8.4\" \/>\n<input type=\"hidden\" name=\"_wpcf7_locale\" value=\"es_ES\" \/>\n<input type=\"hidden\" name=\"_wpcf7_unit_tag\" value=\"wpcf7-f76-o1\" \/>\n<input type=\"hidden\" name=\"_wpcf7_container_post\" value=\"0\" \/>\n<input type=\"hidden\" name=\"_wpcf7_posted_data_hash\" value=\"\" \/>\n<input type=\"hidden\" name=\"_wpcf7_recaptcha_response\" value=\"\" \/>\n<\/div>\n<p><label> Selecciona la tienda<br \/>\n<span class=\"wpcf7-form-control-wrap\" data-name=\"tienda\"><select class=\"wpcf7-form-control wpcf7-select wpcf7-validates-as-required\" aria-required=\"true\" aria-invalid=\"false\" name=\"tienda\"><option value=\"\">&#8212;Por favor, elige una opci\u00f3n&#8212;<\/option><option value=\"Ferreter\u00eda\">Ferreter\u00eda<\/option><option value=\"Vidacalor\">Vidacalor<\/option><option value=\"Vidacampista\">Vidacampista<\/option><option value=\"Electrodom\u00e9sticos\">Electrodom\u00e9sticos<\/option><\/select><\/span><br \/>\n<\/label>\n<\/p>\n<p><label> Nombre completo<br \/>\n<span class=\"wpcf7-form-control-wrap\" data-name=\"your-name\"><input size=\"40\" class=\"wpcf7-form-control wpcf7-text wpcf7-validates-as-required\" autocomplete=\"name\" aria-required=\"true\" aria-invalid=\"false\" value=\"\" type=\"text\" name=\"your-name\" \/><\/span> <\/label>\n<\/p>\n<p><label> Correo electr\u00f3nico<br \/>\n<span class=\"wpcf7-form-control-wrap\" data-name=\"your-email\"><input size=\"40\" class=\"wpcf7-form-control wpcf7-email wpcf7-validates-as-required wpcf7-text wpcf7-validates-as-email\" autocomplete=\"email\" aria-required=\"true\" aria-invalid=\"false\" value=\"\" type=\"email\" name=\"your-email\" \/><\/span> <\/label>\n<\/p>\n<p><label> Telefono<br \/>\n<span class=\"wpcf7-form-control-wrap\" data-name=\"telefono\"><input size=\"40\" class=\"wpcf7-form-control wpcf7-text wpcf7-validates-as-required\" aria-required=\"true\" aria-invalid=\"false\" value=\"\" type=\"text\" name=\"telefono\" \/><\/span> <\/label>\n<\/p>\n<p><label> \u00bfQu\u00e9 necesitas?<br \/>\n<span class=\"wpcf7-form-control-wrap\" data-name=\"your-message\"><textarea cols=\"40\" rows=\"10\" class=\"wpcf7-form-control wpcf7-textarea\" aria-invalid=\"false\" name=\"your-message\"><\/textarea><\/span> <\/label>\n<\/p>\n<p><span class=\"wpcf7-form-control-wrap\" data-name=\"privacidad\"><span class=\"wpcf7-form-control wpcf7-acceptance\"><span class=\"wpcf7-list-item\"><label><input type=\"checkbox\" name=\"privacidad\" value=\"1\" aria-invalid=\"false\" \/><span class=\"wpcf7-list-item-label\">Acepto la pol\u00edtica de privacidad<\/span><\/label><\/span><\/span><\/span>\n<\/p>\n<p><input class=\"wpcf7-form-control wpcf7-submit has-spinner\" type=\"submit\" value=\"Enviar\" \/>\n<\/p>\n<div class=\"texto-resumen-legal\">\n\t<p>INFORMACI\u00d3N B\u00c1SICA SOBRE PROTECCI\u00d3N DE DATOS\n\t<\/p>\n\t<p>Responsable: AVELINOS SL\n\t<\/p>\n\t<p>Finalidad: Gestionar las consultas planteadas en el formulario de contacto\n\t<\/p>\n\t<p>Legitimaci\u00f3n: Inter\u00e9s leg\u00edtimo del Responsable y consentimiento del interesado.\n\t<\/p>\n\t<p>Destinatarios: Se ceder\u00e1n datos por obligaci\u00f3n legal, autorizaci\u00f3n expresa del interesado o para prestar un servicio como se explica en la informaci\u00f3n adicional.\n\t<\/p>\n\t<p>Derechos: Acceder, rectificar y suprimir los datos, as\u00ed como otros derechos, como se explica en la informaci\u00f3n adicional.\n\t<\/p>\n\t<p>Puede consultar la informaci\u00f3n adicional y detallada sobre Protecci\u00f3n de Datos expuesta en nuestra pol\u00edtica de privacidad en el siguiente <a href=\"https:\/\/www.avelinos.es\/politica-privacidad\/\" target=\"_blank\">link<\/a>\n\t<\/p>\n<\/div><div class=\"wpcf7-response-output\" aria-hidden=\"true\"><\/div>\n<\/form>\n<\/div>\n\n\t<\/div>\n\t<div class=\"contact-form-side-text\">\n\t\t<div class=\"contact-form-side-text-title\">\n    \t\t<img decoding=\"async\" class=\"icono-lista\" src=\"http:\/\/www.avelinos.es\/wp-content\/themes\/avelinos\/assets\/images\/icono-lista.jpg\"\/> \n    \t\t<span>&nbsp;We remain at your service<\/span>\n\t\t<\/div>\n\t\t<div class=\"contact-form-side-text-content\">\n\t\t\t<p>Resolve any doubts by contacting us by email or call our<\/p>\n\t\t\t<p>\n\t\t\t\t<span class=\"violeta\">Customer Service<\/span><br\/>\n\t\t\t\t<span class=\"violeta-negrita-grande\">Electrodom\u00e9sticos Avelinos<\/span><br\/>\n\t\t\t\t<span>+34<\/span> <span class=\"violeta-negrita-grande\">968 685 820 <\/span><br\/>\n\t\t\t\t<span>From Mondays to Fridays<\/span><br\/>\n\t\t\t\t<span>de 9:00 a 14:00 y de 16:00 a 20:00<\/span><br\/>\n\t\t\t\t<span>Saturdays<\/span><br\/>\n\t\t\t\t<span>from 9:00 to 14:00<\/span><br\/>\n\t\t\t<\/p>\n\t\t\t<p>\n\t\t\t\t<span class=\"violeta\">Customer Service<\/span><br\/>\n\t\t\t\t<span class=\"violeta-negrita-grande\">Ferreter\u00eda Avelinos<\/span><br\/>\n\t\t\t\t<span>+34<\/span> <span class=\"violeta-negrita-grande\">968 685 066 <\/span><br\/>\n\t\t\t\t<span>From Mondays to Fridays<\/span><br\/>\n\t\t\t\t<span>de 9:00 a 14:00 y de 16:00 a 20:00<\/span><br\/>\n\t\t\t\t<span>Saturdays<\/span><br\/>\n\t\t\t\t<span>from 9:00 to 14:00<\/span><br\/>\n\t\t\t<\/p>\n\t\t<\/div>\n\t<\/div>\n<\/div>\n\n<div class=\"contacto-nuestras-tiendas\">\n\t<div class=\"info-tiendas\">\n\t\t<div class=\"tienda tienda-avelinos\">\n\t\t\t<img decoding=\"async\" src=\"http:\/\/www.avelinos.es\/wp-content\/themes\/avelinos\/assets\/images\/logo-avelinos.png\" alt=\"Avelinos\" title=\"Avelinos\"\/>\n\t\t\t<p>Appliances<\/p>\n\t\t\t<div class=\"separador\"><\/div>\n\t\t\tAvenida Salzillo, 9<br\/>\n\t\t\tFortuna \u00b7 Murcia<br\/>\n\t\t\t<span class=\"contacto-prefijo-telefono\">+34<\/span> 968 685 820\n\t\t<\/div><!--  \n\t\t--><div class=\"tienda tienda-avelinos\">\n\t\t\t<img decoding=\"async\" src=\"http:\/\/www.avelinos.es\/wp-content\/themes\/avelinos\/assets\/images\/logo-avelinos.png\" alt=\"Avelinos\" title=\"Avelinos\"\/>\n\t\t\t<p>Ironmongery<\/p>\n\t\t\t<div class=\"separador\"><\/div>\n\t\t\tAvenida Salzillo, 18<br\/>\n\t\t\tFortuna \u00b7 Murcia<br\/>\n\t\t\t<span class=\"contacto-prefijo-telefono\">+34<\/span> 968 685 066\n\t\t<\/div><!--  \n\t\t--><div class=\"tienda tienda-vidacalor\">\n\t\t\t<img decoding=\"async\" src=\"http:\/\/www.avelinos.es\/wp-content\/themes\/avelinos\/assets\/images\/logo-vidacalor.png\" alt=\"Avelinos\" title=\"Avelinos\"\/>\n\t\t\t<p>Piazzeta pellet stoves<\/p>\n\t\t\t<div class=\"separador\"><\/div>\n\t\t\tAvenida Salzillo, 7<br\/>\n\t\t\tFortuna \u00b7 Murcia<br\/>\n\t\t\t<span class=\"contacto-prefijo-telefono\">+34<\/span> 968 685 066 \u00b7 <span class=\"contacto-prefijo-telefono\">+34<\/span> 646 513 334\n\t\t<\/div><!--  \n\t\t--><div class=\"tienda tienda-vidacampista\">\n\t\t\t<img decoding=\"async\" src=\"http:\/\/www.avelinos.es\/wp-content\/themes\/avelinos\/assets\/images\/logo-vidacampista.png\" alt=\"Avelinos\" title=\"Avelinos\"\/>\n\t\t\t<p>Camping y Caravaning accesories<\/p>\n\t\t\t<div class=\"separador\"><\/div>\n\t\t\tAvenida Salzillo, s\/n<br\/>\n\t\t\tFortuna \u00b7 Murcia<br\/>\n\t\t\t<span class=\"contacto-prefijo-telefono\">+34<\/span> 868 619 119\n\t\t<\/div><!--  \n\t\t--><div class=\"tienda tienda-vidanautico\">\n\t\t\t<img decoding=\"async\" src=\"http:\/\/www.avelinos.es\/wp-content\/themes\/avelinos\/assets\/images\/logo-vidanautico.png\" alt=\"Avelinos\" title=\"Avelinos\"\/>\n\t\t\t<p>Nautical  \u00edtems and accesories<\/p>\n\t\t\t<div class=\"separador\"><\/div>\n\t\t\tAvenida Salzillo, s\/n<br\/>\n\t\t\tFortuna \u00b7 Murcia<br\/>\n\t\t\t<span class=\"contacto-prefijo-telefono\">+34<\/span> 868 619 119\n\t\t<\/div>\n\t<\/div>\n<\/div>\n<div style=\"margin-top: 20px\">\n\t<div id=\"map\" style=\"width: 100%;height:500px;\"><\/div>\n    <script>\n      function initMap() {\n        var uluru = { lat: 38.1822995, lng: -1.1268701 };\n        var map = new google.maps.Map(document.getElementById('map'), {\n          zoom: 19,\n          center: uluru,\n          styles : [\n        \t  {\n          \t    \"featureType\": \"poi.business\",\n          \t    \"stylers\": [\n          \t      {\n          \t        \"visibility\": \"off\"\n          \t      }\n          \t    ]\n          \t  },\n          \t]\n        });\n\n        var marker = new google.maps.Marker({\n            position: { lat: 38.182020, lng: -1.127303 },\n            map: map,\n            title: 'Vidacalor',\n            icon: {\n  \t\t\t  url: 'http:\/\/www.avelinos.es\/wp-content\/themes\/avelinos\/images\/logo-vidacalor-mapa.png',\n\t\t\t  size: new google.maps.Size(33, 59),\n\t\t\t  origin: new google.maps.Point(0, 0),\n\t\t\t  anchor: new google.maps.Point(-55, 60),\n\t\t\t  scaledSize: new google.maps.Size(25, 44)\n\t\t\t}\n          });\n        \n        var marker = new google.maps.Marker({\n            position: { lat: 38.182020, lng: -1.127303 },\n            map: map,\n            title: 'Vidan\u00e1utico',\n            icon: {\n  \t\t\t  url: 'http:\/\/www.avelinos.es\/wp-content\/themes\/avelinos\/images\/logo-vidanautico-mapa.png',\n\t\t\t  size: new google.maps.Size(50, 50),\n\t\t\t  origin: new google.maps.Point(0, 0),\n\t\t\t  anchor: new google.maps.Point(-25, 30),\n\t\t\t  scaledSize: new google.maps.Size(30, 30)\n\t\t\t}\n          });\n        \n        var marker = new google.maps.Marker({\n            position: { lat: 38.182020, lng: -1.127303 },\n            map: map,\n            title: 'Vidacampista',\n            icon: {\n  \t\t\t  url: 'http:\/\/www.avelinos.es\/wp-content\/themes\/avelinos\/images\/logo-vidacampista-mapa.png',\n\t\t\t  size: new google.maps.Size(50, 50),\n\t\t\t  origin: new google.maps.Point(0, 0),\n\t\t\t  anchor: new google.maps.Point(10, 10),\n\t\t\t  scaledSize: new google.maps.Size(30, 30)\n\t\t\t}\n          });\n        \n        var marker = new google.maps.Marker({\n            position: { lat: 38.1822995, lng: -1.1268701 },\n            map: map,\n            title: 'Ferreteria Avelinos',\n            icon: {\n  \t\t\t  url: 'http:\/\/www.avelinos.es\/wp-content\/themes\/avelinos\/images\/logo-avelinos-mapa.png',\n\t\t\t  size: new google.maps.Size(50, 34),\n\t\t\t  origin: new google.maps.Point(0, 0),\n\t\t\t  anchor: new google.maps.Point(10,0),\n\t\t\t  scaledSize: new google.maps.Size(50, 34)\n\t\t\t}\n          });\n        \n        var marker = new google.maps.Marker({\n            position: { lat: 38.182355, lng: -1.127104 },\n            map: map,\n            title: 'Electrodom\u00e9sticos Avelinos',\n            icon: {\n  \t\t\t  url: 'http:\/\/www.avelinos.es\/wp-content\/themes\/avelinos\/images\/logo-avelinos-mapa.png',\n\t\t\t  size: new google.maps.Size(50, 34),\n\t\t\t  origin: new google.maps.Point(0, 0),\n\t\t\t  anchor: new google.maps.Point(20, 30),\n\t\t\t  scaledSize: new google.maps.Size(50, 34)\n\t\t\t}\n          });\n\n      }\n    <\/script>\n    <script async defer src=\"https:\/\/maps.googleapis.com\/maps\/api\/js?key=AIzaSyCcUMURkYz9Qth2v64kuZczDTRO6sz9zes&callback=initMap&language=es&region=ES\"><\/script>\n\n<\/div><div class=\"fp-canal-youtube\">\n\t<a href=\"https:\/\/www.youtube.com\/channel\/UCM9qtetvKOFm0esuJ9DvUbQ\"  class=\"fp-canal-youtube-text\">\n\t\tDiscover<br\/>\n\t\t<span>A lot more<\/span><br\/>\n\t\tAbout us<br\/>\n\t\tin <span>ours channels<\/span> of<br\/>\n\t\t<img decoding=\"async\" src=\"http:\/\/www.avelinos.es\/wp-content\/themes\/avelinos\/assets\/images\/logo-youtube.png\" alt=\"Logo YouTube\" title=\"Nuestro canal de YouTube\"\/>\n\t<\/a><a href=\"https:\/\/www.youtube.com\/channel\/UCM9qtetvKOFm0esuJ9DvUbQ\" class=\"fp-canal-youtube-video-lg\">\n\t\t<img decoding=\"async\" src=\"http:\/\/www.avelinos.es\/wp-content\/themes\/avelinos\/assets\/images\/canal-youtube-lg.png\" alt=\"Logo YouTube\" title=\"Nuestro canal de YouTube\"\/>\n\t<\/a><a href=\"https:\/\/www.youtube.com\/channel\/UCM9qtetvKOFm0esuJ9DvUbQ\" class=\"fp-canal-youtube-videos-sm\">\n\t\t<img decoding=\"async\" src=\"http:\/\/www.avelinos.es\/wp-content\/themes\/avelinos\/assets\/images\/canal-youtube-sm.png\" alt=\"Logo YouTube\" title=\"Nuestro canal de YouTube\"\/>\n\t<\/a>\n\t\n<\/div>\n","protected":false},"excerpt":{"rendered":"","protected":false},"author":1,"featured_media":0,"parent":0,"menu_order":0,"comment_status":"closed","ping_status":"closed","template":"","meta":{"footnotes":""},"_links":{"self":[{"href":"http:\/\/www.avelinos.es\/en\/wp-json\/wp\/v2\/pages\/31"}],"collection":[{"href":"http:\/\/www.avelinos.es\/en\/wp-json\/wp\/v2\/pages"}],"about":[{"href":"http:\/\/www.avelinos.es\/en\/wp-json\/wp\/v2\/types\/page"}],"author":[{"embeddable":true,"href":"http:\/\/www.avelinos.es\/en\/wp-json\/wp\/v2\/users\/1"}],"replies":[{"embeddable":true,"href":"http:\/\/www.avelinos.es\/en\/wp-json\/wp\/v2\/comments?post=31"}],"version-history":[{"count":2,"href":"http:\/\/www.avelinos.es\/en\/wp-json\/wp\/v2\/pages\/31\/revisions"}],"predecessor-version":[{"id":52,"href":"http:\/\/www.avelinos.es\/en\/wp-json\/wp\/v2\/pages\/31\/revisions\/52"}],"wp:attachment":[{"href":"http:\/\/www.avelinos.es\/en\/wp-json\/wp\/v2\/media?parent=31"}],"curies":[{"name":"wp","href":"https:\/\/api.w.org\/{rel}","templated":true}]}}