{"id":29,"date":"2018-08-01T00:07:42","date_gmt":"2018-08-01T00:07:42","guid":{"rendered":"http:\/\/www.avelinos.es\/?page_id=29"},"modified":"2018-08-01T00:07:42","modified_gmt":"2018-08-01T00:07:42","slug":"inicio","status":"publish","type":"page","link":"http:\/\/www.avelinos.es\/en\/","title":{"rendered":"Inicio"},"content":{"rendered":"<p>\u00a1Bienvenido a tu sitio! Esta es tu p\u00e1gina de inicio, que es la que la mayor\u00eda de visitantes ver\u00e1n cuando vengan a tu sitio por primera vez.<\/p>\n","protected":false},"excerpt":{"rendered":"<p>\u00a1Bienvenido a tu sitio! Esta es tu p\u00e1gina de inicio, que es la que la mayor\u00eda de visitantes ver\u00e1n cuando vengan a tu sitio por primera vez.<\/p>\n","protected":false},"author":1,"featured_media":0,"parent":0,"menu_order":0,"comment_status":"closed","ping_status":"closed","template":"","meta":{"footnotes":""},"_links":{"self":[{"href":"http:\/\/www.avelinos.es\/en\/wp-json\/wp\/v2\/pages\/29"}],"collection":[{"href":"http:\/\/www.avelinos.es\/en\/wp-json\/wp\/v2\/pages"}],"about":[{"href":"http:\/\/www.avelinos.es\/en\/wp-json\/wp\/v2\/types\/page"}],"author":[{"embeddable":true,"href":"http:\/\/www.avelinos.es\/en\/wp-json\/wp\/v2\/users\/1"}],"replies":[{"embeddable":true,"href":"http:\/\/www.avelinos.es\/en\/wp-json\/wp\/v2\/comments?post=29"}],"version-history":[{"count":1,"href":"http:\/\/www.avelinos.es\/en\/wp-json\/wp\/v2\/pages\/29\/revisions"}],"predecessor-version":[{"id":35,"href":"http:\/\/www.avelinos.es\/en\/wp-json\/wp\/v2\/pages\/29\/revisions\/35"}],"wp:attachment":[{"href":"http:\/\/www.avelinos.es\/en\/wp-json\/wp\/v2\/media?parent=29"}],"curies":[{"name":"wp","href":"https:\/\/api.w.org\/{rel}","templated":true}]}}